{"id":31,"date":"2021-01-19T18:49:52","date_gmt":"2021-01-19T18:49:52","guid":{"rendered":"http:\/\/prawnikdobczyce.pl\/?page_id=31"},"modified":"2021-01-19T18:51:39","modified_gmt":"2021-01-19T18:51:39","slug":"polityka-prywatnosci-zwiazana-z-przetwarzaniem-danych-osobowych","status":"publish","type":"page","link":"https:\/\/prawnikdobczyce.pl\/index.php\/polityka-prywatnosci-zwiazana-z-przetwarzaniem-danych-osobowych\/","title":{"rendered":"Polityka prywatno\u015bci"},"content":{"rendered":"\n<p><strong>zwi\u0105zana z przetwarzaniem danych osobowych<\/strong><\/p>\n\n\n\n<p>Zgodnie z art. 13 ust. 1 i ust. 2 rozporz\u0105dzenia Parlamentu Europejskiego i Rady (UE) 2016\/679 z 27 kwietnia 2016 r. w sprawie ochrony os\u00f3b fizycznych w zwi\u0105zku z przetwarzaniem danych osobowych i w sprawie swobodnego przep\u0142ywu takich danych oraz uchylenia dyrektywy 95\/46\/WE (dalej jako \u201eRODO\u201d) niniejszym wskazujemy najwa\u017cniejsze informacje na temat przetwarzania danych osobowych.<\/p>\n\n\n\n<ol type=\"1\"><li>Dane osobowe przekazywane w zwi\u0105zku niniejsz\u0105 ze \u015bwiadczeniem us\u0142ug prawnych s\u0105 przetwarzane przez Piotra \u0141udzika prowadz\u0105cego Kancelari\u0105 Piotr \u0141udzik Kancelaria Radcy Prawnego z siedzib\u0105 w Krakowie, adres: ul. Go\u0142a\u015bka 13\/19, 30 \u2013 619 Krak\u00f3w NIP 6050036256, mail: piotr.ludzik@plkrp.pl, tel.: 666-019-586, kt\u00f3ry jest administratorem Pa\u0144stwa danych osobowych. (&#8220;Administrator danych&#8221;).<\/li><li>Celem przetwarzania jest: podj\u0119cie czynno\u015bci maj\u0105cych na celu \u015bwiadczenie us\u0142ug, jakie oferuje kancelaria. Dane osobowe podane poprzez kontakt e-mail, jak r\u00f3wnie\u017c poczt\u0105 tradycyjn\u0105 s\u0105 przetwarzane wy\u0142\u0105cznie w celu podj\u0119cia kontaktu w przypadkach przed zawarciem umowy o \u015bwiadczenie us\u0142ug prawnych albo w zwi\u0105zku z realizacja takiej umowy. W przypadku zwarcia umowy o \u015bwiadczenie us\u0142ug prawnych Administrator danych&nbsp; przeka\u017ce osobie, kt\u00f3rej dane dotycz\u0105 informacj\u0119 o przetwarzaniu osobowych.&nbsp;<\/li><li>Administrator podejmuje ponadto wszelkie niezb\u0119dne dzia\u0142ania celem stosowania odpowiednich \u015brodk\u00f3w bezpiecze\u0144stwa w ka\u017cdym przypadku, gdy przetwarzaj\u0105 dane osobowe.<\/li><\/ol>\n\n\n\n<ol type=\"1\" start=\"4\"><li>Podane dane osobowe przekazywane s\u0105 Administratorowi w spos\u00f3b dobrowolny, jednak\u017ce przekazanie danych osobowych jest warunkiem zawarcia umowy lub jej realizacji. Niepodanie niniejszych danych mo\u017ce skutkowa\u0107 niemo\u017cno\u015bci\u0105 podj\u0119cia czynno\u015bci maj\u0105cych na celu zawarcie umowy, niemo\u017cno\u015bci\u0105 realizacji tej umowy (tj. \u015bwiadczenia pomocy prawnej przez radc\u0119 prawnego) oraz podj\u0119cia czynno\u015bci z ni\u0105 zwi\u0105zanych, jak r\u00f3wnie\u017c wype\u0142nienia obowi\u0105zk\u00f3w prawnych ci\u0105\u017c\u0105cych na Administratorze.<\/li><li>Odbiorcami danych osobowych s\u0105 : upowa\u017cnieni pracownicy Administratora, podmioty \u015bwiadcz\u0105ce na rzecz Administratora us\u0142ugi (np. ksi\u0119gowe, IT, prawne, spedycyjne, ubezpieczeniowe), organy pa\u0144stwowe, firmy kurierskie i pocztowe, podmioty obs\u0142uguj\u0105ce p\u0142atno\u015bci elektroniczne.<\/li><li>Okres przetwarzania jest uzale\u017cniony od celu jakiemu powierzone dane s\u0142u\u017c\u0105. Dane przetwarzane s\u0105 przez okres umo\u017cliwiaj\u0105cy jego realizacj\u0119 lub do zg\u0142oszenia skutecznego sprzeciwu&nbsp;wzgl\u0119dem przetwarzania danych. W przypadku przetwarzania danych osobowych na podstawie zgodny na ich przetwarzanie, dane przetwarzane s\u0105 do momentu jej wycofania. Dane pozyskane w celu realizacji zleconej us\u0142ugi b\u0119d\u0105 przetwarzane do momentu jej wykonania, chyba \u017ce<\/li><li>Administrator informuje, \u017ce w sytuacjach przewidzianych prawem mo\u017ce powo\u0142a\u0107 si\u0119 na wy\u0142\u0105czenie obowi\u0105zk\u00f3w wynikaj\u0105cych z RODO w sytuacji i w zakresie, w jakim dane osobowe musz\u0105 pozosta\u0107 poufne zgodnie z obowi\u0105zkiem zachowania tajemnicy zawodowej przewidzianym w prawie pa\u0144stwa cz\u0142onkowskiego (art. 14 ust. 5 lit. d) RODO).<\/li><li>Administrator informuje, i\u017c nie zamierza profilowa\u0107 danych osobowych ani w inny spos\u00f3b podejmowa\u0107 decyzji zwi\u0105zanych z Pa\u0144stwa osob\u0105 na podstawie zautomatyzowanego przetwarzania danych.<\/li><li>Macie Pa\u0144stwo prawo:<ol><li>cofn\u0105\u0107 zgod\u0119 w dowolnym momencie (lecz nie wp\u0142ywa to na zgodno\u015b\u0107 z prawem przetwarzania danych osobowych przed cofni\u0119ciem tej zgody oraz na zgodno\u015b\u0107 z prawem przetwarzania danych osobowych na innych podstawach prawnych ni\u017c zgoda);<\/li><\/ol><ol><li>wnie\u015b\u0107 sprzeciw wobec przetwarzania swoich danych osobowych;<\/li><\/ol><ol><li>\u017c\u0105dania dost\u0119pu do jej danych osobowych, sprostowania ich oraz ich usuni\u0119cia i \u017c\u0105dania ograniczenia przetwarzania swoich danych osobowych i ich przenoszenia;<\/li><\/ol><ol><li>wnie\u015b\u0107 skarg\u0119 do organu nadzorczego.<\/li><\/ol><\/li><\/ol>\n\n\n\n<p>Aby skorzysta\u0107 z powy\u017cszych praw prosimy pisa\u0107 na adres: piotr.ludzik@plkrp.pl<\/p>\n","protected":false},"excerpt":{"rendered":"<p>zwi\u0105zana z przetwarzaniem danych osobowych Zgodnie z art. 13 ust. 1 i ust. 2 rozporz\u0105dzenia Parlamentu Europejskiego i Rady (UE) 2016\/679 z 27 kwietnia 2016 r. w sprawie ochrony os\u00f3b fizycznych w zwi\u0105zku z przetwarzaniem danych osobowych i w sprawie swobodnego przep\u0142ywu takich danych oraz uchylenia dyrektywy 95\/46\/WE (dalej jako \u201eRODO\u201d) niniejszym wskazujemy najwa\u017cniejsze informacje [&hellip;]<\/p>\n","protected":false},"author":1,"featured_media":0,"parent":0,"menu_order":0,"comment_status":"closed","ping_status":"closed","template":"","meta":[],"_links":{"self":[{"href":"https:\/\/prawnikdobczyce.pl\/index.php\/wp-json\/wp\/v2\/pages\/31"}],"collection":[{"href":"https:\/\/prawnikdobczyce.pl\/index.php\/wp-json\/wp\/v2\/pages"}],"about":[{"href":"https:\/\/prawnikdobczyce.pl\/index.php\/wp-json\/wp\/v2\/types\/page"}],"author":[{"embeddable":true,"href":"https:\/\/prawnikdobczyce.pl\/index.php\/wp-json\/wp\/v2\/users\/1"}],"replies":[{"embeddable":true,"href":"https:\/\/prawnikdobczyce.pl\/index.php\/wp-json\/wp\/v2\/comments?post=31"}],"version-history":[{"count":2,"href":"https:\/\/prawnikdobczyce.pl\/index.php\/wp-json\/wp\/v2\/pages\/31\/revisions"}],"predecessor-version":[{"id":34,"href":"https:\/\/prawnikdobczyce.pl\/index.php\/wp-json\/wp\/v2\/pages\/31\/revisions\/34"}],"wp:attachment":[{"href":"https:\/\/prawnikdobczyce.pl\/index.php\/wp-json\/wp\/v2\/media?parent=31"}],"curies":[{"name":"wp","href":"https:\/\/api.w.org\/{rel}","templated":true}]}}