{"id":25,"date":"2021-01-19T17:14:02","date_gmt":"2021-01-19T17:14:02","guid":{"rendered":"http:\/\/prawnikdobczyce.pl\/?page_id=25"},"modified":"2021-01-19T17:34:19","modified_gmt":"2021-01-19T17:34:19","slug":"formularz-kontaktowy","status":"publish","type":"page","link":"https:\/\/prawnikdobczyce.pl\/index.php\/formularz-kontaktowy\/","title":{"rendered":"Formularz Kontaktowy"},"content":{"rendered":"\n<p>W celu um\u00f3wienia wizyty prosz\u0119 o kontakt pod numerem telefonu 666 &#8211; 019 &#8211; 586, b\u0105d\u017a przez poni\u017cszy formularz kontaktowy. <\/p>\n\n\n\n<div class=\"wp-block-contact-form-7-contact-form-selector\"><div role=\"form\" class=\"wpcf7\" id=\"wpcf7-f19-o1\" lang=\"en-US\" dir=\"ltr\">\n<div class=\"screen-reader-response\"><p role=\"status\" aria-live=\"polite\" aria-atomic=\"true\"><\/p> <ul><\/ul><\/div>\n<form action=\"\/index.php\/wp-json\/wp\/v2\/pages\/25#wpcf7-f19-o1\" method=\"post\" class=\"wpcf7-form init\" novalidate=\"novalidate\" data-status=\"init\">\n<div style=\"display: none;\">\n<input type=\"hidden\" name=\"_wpcf7\" value=\"19\" \/>\n<input type=\"hidden\" name=\"_wpcf7_version\" value=\"5.3.2\" \/>\n<input type=\"hidden\" name=\"_wpcf7_locale\" value=\"en_US\" \/>\n<input type=\"hidden\" name=\"_wpcf7_unit_tag\" value=\"wpcf7-f19-o1\" \/>\n<input type=\"hidden\" name=\"_wpcf7_container_post\" value=\"0\" \/>\n<input type=\"hidden\" name=\"_wpcf7_posted_data_hash\" value=\"\" \/>\n<\/div>\n<p><label> Tw\u00f3j adres e-mail<br \/>\n    <span class=\"wpcf7-form-control-wrap e-mail\"><input type=\"email\" name=\"e-mail\" value=\"\" size=\"40\" class=\"wpcf7-form-control wpcf7-text wpcf7-email wpcf7-validates-as-required wpcf7-validates-as-email\" aria-required=\"true\" aria-invalid=\"false\" \/><\/span> <\/label><\/p>\n<p><label> Temat rozmowy \/ sprawy<br \/>\n    <span class=\"wpcf7-form-control-wrap temat\"><input type=\"text\" name=\"temat\" value=\"\" size=\"40\" class=\"wpcf7-form-control wpcf7-text wpcf7-validates-as-required\" aria-required=\"true\" aria-invalid=\"false\" \/><\/span> <\/label><\/p>\n<p><label> Tre\u015b\u0107 wiadomo\u015bci (kr\u00f3tki opis - czego sprawa dotyczy)<br \/>\n    <span class=\"wpcf7-form-control-wrap opis\"><textarea name=\"opis\" cols=\"40\" rows=\"10\" class=\"wpcf7-form-control wpcf7-textarea\" aria-invalid=\"false\"><\/textarea><\/span> <\/label><\/p>\n<p><input type=\"submit\" value=\"Wy\u015blij\" class=\"wpcf7-form-control wpcf7-submit\" \/><\/p>\n<div class=\"wpcf7-response-output\" aria-hidden=\"true\"><\/div><\/form><\/div><\/div>\n\n\n\n<p>Administratorem danych osobowych jest Piotr \u0141udzik prowadz\u0105cy Kancelari\u0119 Piotr \u0141udzik Kancelaria Radcy Prawnego. Niniejszy formularz ma na celu podj\u0119cie kontaktu z kancelari\u0105, st\u0105d te\u017c prosz\u0119 o nie podawanie w nim szczeg\u00f3\u0142\u00f3w sprawy, kt\u00f3rej zapytanie dotyczy, ponad niezb\u0119dne minimum. <\/p>\n","protected":false},"excerpt":{"rendered":"<p>W celu um\u00f3wienia wizyty prosz\u0119 o kontakt pod numerem telefonu 666 &#8211; 019 &#8211; 586, b\u0105d\u017a przez poni\u017cszy formularz kontaktowy. Administratorem danych osobowych jest Piotr \u0141udzik prowadz\u0105cy Kancelari\u0119 Piotr \u0141udzik Kancelaria Radcy Prawnego. Niniejszy formularz ma na celu podj\u0119cie kontaktu z kancelari\u0105, st\u0105d te\u017c prosz\u0119 o nie podawanie w nim szczeg\u00f3\u0142\u00f3w sprawy, kt\u00f3rej zapytanie dotyczy, [&hellip;]<\/p>\n","protected":false},"author":1,"featured_media":0,"parent":0,"menu_order":0,"comment_status":"closed","ping_status":"closed","template":"","meta":[],"_links":{"self":[{"href":"https:\/\/prawnikdobczyce.pl\/index.php\/wp-json\/wp\/v2\/pages\/25"}],"collection":[{"href":"https:\/\/prawnikdobczyce.pl\/index.php\/wp-json\/wp\/v2\/pages"}],"about":[{"href":"https:\/\/prawnikdobczyce.pl\/index.php\/wp-json\/wp\/v2\/types\/page"}],"author":[{"embeddable":true,"href":"https:\/\/prawnikdobczyce.pl\/index.php\/wp-json\/wp\/v2\/users\/1"}],"replies":[{"embeddable":true,"href":"https:\/\/prawnikdobczyce.pl\/index.php\/wp-json\/wp\/v2\/comments?post=25"}],"version-history":[{"count":3,"href":"https:\/\/prawnikdobczyce.pl\/index.php\/wp-json\/wp\/v2\/pages\/25\/revisions"}],"predecessor-version":[{"id":30,"href":"https:\/\/prawnikdobczyce.pl\/index.php\/wp-json\/wp\/v2\/pages\/25\/revisions\/30"}],"wp:attachment":[{"href":"https:\/\/prawnikdobczyce.pl\/index.php\/wp-json\/wp\/v2\/media?parent=25"}],"curies":[{"name":"wp","href":"https:\/\/api.w.org\/{rel}","templated":true}]}}