{"id":2,"date":"2021-01-18T19:55:24","date_gmt":"2021-01-18T19:55:24","guid":{"rendered":"http:\/\/prawnikdobczyce.pl\/?page_id=2"},"modified":"2022-06-30T00:01:26","modified_gmt":"2022-06-30T00:01:26","slug":"strona-tytulowa","status":"publish","type":"page","link":"https:\/\/prawnikdobczyce.pl\/","title":{"rendered":"Witaj na stronie mojej kancelarii"},"content":{"rendered":"\n<p class=\"has-text-align-left\"><\/p>\n\n\n\n<figure class=\"wp-block-pullquote alignfull\"><blockquote><p>Szanowni Pa\u0144stwo jest mi niezmiernie mi\u0142o powita\u0107 na stronie mojej kancelarii. Moja kancelaria mie\u015bci si\u0119 przy Rynku w Dobczycach. Dzia\u0142am na terenie samych Dobczyc, jak r\u00f3wnie\u017c na terenie powiatu my\u015blenickiego. Zapraszam do kontaktu. Szczeg\u00f3\u0142y w zak\u0142adce Formularz Kontaktowy<\/p><p><\/p><p><\/p><p><\/p><cite>MOJA KANCELARIA OFERUJE KLIENTOM P\u0141ATNO\u015a\u0106 BEZGOT\u00d3WKOW\u0104 POPRZEZ PRZELEW NA NR RACHUNKU BANKOWEGO W ING BANKU \u015aL\u0104SKIM:<br>97 1050 1445 1000 0092 1452 1156<\/cite><\/blockquote><\/figure>\n\n\n\n<p class=\"has-text-align-left\"> <\/p>\n\n\n\n<pre class=\"wp-block-preformatted\"><\/pre>\n\n\n\n<p><\/p>\n","protected":false},"excerpt":{"rendered":"<p>Szanowni Pa\u0144stwo jest mi niezmiernie mi\u0142o powita\u0107 na stronie mojej kancelarii. Moja kancelaria mie\u015bci si\u0119 przy Rynku w Dobczycach. Dzia\u0142am na terenie samych Dobczyc, jak r\u00f3wnie\u017c na terenie powiatu my\u015blenickiego. Zapraszam do kontaktu. Szczeg\u00f3\u0142y w zak\u0142adce Formularz Kontaktowy MOJA KANCELARIA OFERUJE KLIENTOM P\u0141ATNO\u015a\u0106 BEZGOT\u00d3WKOW\u0104 POPRZEZ PRZELEW NA NR RACHUNKU BANKOWEGO W ING BANKU \u015aL\u0104SKIM:97 1050 [&hellip;]<\/p>\n","protected":false},"author":1,"featured_media":0,"parent":0,"menu_order":0,"comment_status":"closed","ping_status":"open","template":"","meta":[],"_links":{"self":[{"href":"https:\/\/prawnikdobczyce.pl\/index.php\/wp-json\/wp\/v2\/pages\/2"}],"collection":[{"href":"https:\/\/prawnikdobczyce.pl\/index.php\/wp-json\/wp\/v2\/pages"}],"about":[{"href":"https:\/\/prawnikdobczyce.pl\/index.php\/wp-json\/wp\/v2\/types\/page"}],"author":[{"embeddable":true,"href":"https:\/\/prawnikdobczyce.pl\/index.php\/wp-json\/wp\/v2\/users\/1"}],"replies":[{"embeddable":true,"href":"https:\/\/prawnikdobczyce.pl\/index.php\/wp-json\/wp\/v2\/comments?post=2"}],"version-history":[{"count":20,"href":"https:\/\/prawnikdobczyce.pl\/index.php\/wp-json\/wp\/v2\/pages\/2\/revisions"}],"predecessor-version":[{"id":76,"href":"https:\/\/prawnikdobczyce.pl\/index.php\/wp-json\/wp\/v2\/pages\/2\/revisions\/76"}],"wp:attachment":[{"href":"https:\/\/prawnikdobczyce.pl\/index.php\/wp-json\/wp\/v2\/media?parent=2"}],"curies":[{"name":"wp","href":"https:\/\/api.w.org\/{rel}","templated":true}]}}